{"id":227,"date":"2016-03-01T01:55:45","date_gmt":"2016-03-01T04:55:45","guid":{"rendered":"http:\/\/saccis.com\/?p=227"},"modified":"2016-11-10T07:01:45","modified_gmt":"2016-11-10T09:01:45","slug":"nuevos-negocios","status":"publish","type":"page","link":"https:\/\/saccis.com\/es\/nuevos-negocios\/","title":{"rendered":"Nuevos Negocios"},"content":{"rendered":"<p>[et_pb_section admin_label=&#8221;Se\u00e7\u00e3o&#8221; fullwidth=&#8221;on&#8221; specialty=&#8221;off&#8221;][et_pb_fullwidth_image admin_label=&#8221;Imagem de Largura Inteira&#8221; src=&#8221;http:\/\/saccis.com\/wp-content\/uploads\/2016\/02\/5.jpg&#8221; show_in_lightbox=&#8221;off&#8221; url_new_window=&#8221;off&#8221; use_overlay=&#8221;off&#8221; animation=&#8221;left&#8221; use_border_color=&#8221;off&#8221; border_color=&#8221;#ffffff&#8221; border_style=&#8221;solid&#8221;] [\/et_pb_fullwidth_image][\/et_pb_section][et_pb_section admin_label=&#8221;section&#8221;][et_pb_row admin_label=&#8221;row&#8221;][et_pb_column type=&#8221;4_4&#8243;][et_pb_text admin_label=&#8221;Texto&#8221; background_layout=&#8221;light&#8221; text_orientation=&#8221;left&#8221; use_border_color=&#8221;off&#8221; border_color=&#8221;#ffffff&#8221; border_style=&#8221;solid&#8221; text_font=&#8221;Abel||||&#8221; text_font_size=&#8221;18&#8243;] <strong>Brasil:<\/strong><\/p>\n<p style=\"text-align: justify;\">\u00bfPor d\u00f3nde empezar un negocio? \u00bfCu\u00e1l debe ser el tipo de sociedad? \u00bfC\u00f3mo estar en conformidad con las leyes locales y el r\u00e9gimen tributario? \u00bfC\u00f3mo gestionar la empresa en los primeros d\u00edas? \u00bfCu\u00e1les deber\u00edan ser los objetivos y la manera de alcanzarlos?<\/p>\n<p>Estas y otras preguntas parecen simples, pero no lo son. Especialmente en Brasil, donde, debido a la enorme mara\u00f1a legal, emprender es una tarea dif\u00edcil. Hay muchos pasos para formalizar y regular las actividades comerciales, diversos tipos de sociedad de negocios, diferentes reg\u00edmenes fiscales, leyes y decretos que, desafortunadamente, cambian de acuerdo a la conveniencia inmediata de los gobiernos, creando inestabilidad econ\u00f3mica e incluso la p\u00e9rdida financiera si no se maneja de forma r\u00e1pida y apropiada.<\/p>\n<p style=\"text-align: justify;\">Adem\u00e1s, hay que encajarse correctamente en los reg\u00edmenes fiscales existentes, planear el flujo de fondo para los primeros meses, conocer los costos fijos y variables, los puntos fuertes y d\u00e9biles de la actividad empresarial. Hay muchos factores y dificultades que pueden determinar el \u00e9xito o el fracaso de la empresa. S\u00f3lo a trav\u00e9s de la experiencia multidisciplinaria es posible prever estos retos y encontrar formas de superarlos.<\/p>\n<p><strong>Estados Unidos de America y otros pa\u00edses:<\/strong><\/p>\n<p style=\"text-align: justify;\">El mercado norteamericano es el m\u00e1s grande en el mundo. Su potencial y sus posibilidades son inmensas, as\u00ed como sus costos, desaf\u00edos y riesgos. Iniciar o ampliar sus negocios en los EEUU son alternativas para aumentar las ventas, atraer nuevos clientes y maximizar las ganancias.<\/p>\n<p style=\"text-align: justify;\">Con renombrados socios comerciales, legales y fiscales, SACCIS puede ayudarle a tener \u00e9xito en sus actividades de negocios en Brasil, EEUU o en cualquier otro lugar en el planeta.<\/p>\n<p style=\"text-align: justify;\">Contacte con nosotros, presente su proyecto, sus ideas y dudas. A trav\u00e9s de nuestra experiencia, podemos ayudarle a llevar a cabo su proyecto r\u00e1pidamente.<\/p>\n<p>[\/et_pb_text][et_pb_cta admin_label=&#8221;Chamada \u00e0 A\u00e7\u00e3o&#8221; button_url=&#8221;https:\/\/saccis.com\/es\/contacto&#8221; url_new_window=&#8221;off&#8221; button_text=&#8221;CONTACTE CON NOSOTROS AHORA!&#8221; use_background_color=&#8221;off&#8221; background_color=&#8221;#222b34&#8243; background_layout=&#8221;light&#8221; text_orientation=&#8221;center&#8221; use_border_color=&#8221;off&#8221; border_color=&#8221;#ffffff&#8221; border_style=&#8221;solid&#8221; custom_button=&#8221;off&#8221; button_letter_spacing=&#8221;0&#8243; button_use_icon=&#8221;default&#8221; button_icon_placement=&#8221;right&#8221; button_on_hover=&#8221;on&#8221; button_letter_spacing_hover=&#8221;0&#8243; button_border_width=&#8221;0&#8243;] [\/et_pb_cta][\/et_pb_column][\/et_pb_row][\/et_pb_section]<\/p>\n","protected":false},"excerpt":{"rendered":"<p>[et_pb_section admin_label=&#8221;Se\u00e7\u00e3o&#8221; fullwidth=&#8221;on&#8221; specialty=&#8221;off&#8221;][et_pb_fullwidth_image admin_label=&#8221;Imagem de Largura Inteira&#8221; src=&#8221;http:\/\/saccis.com\/wp-content\/uploads\/2016\/02\/5.jpg&#8221; show_in_lightbox=&#8221;off&#8221; url_new_window=&#8221;off&#8221; use_overlay=&#8221;off&#8221; animation=&#8221;left&#8221; use_border_color=&#8221;off&#8221; border_color=&#8221;#ffffff&#8221; border_style=&#8221;solid&#8221;] [\/et_pb_fullwidth_image][\/et_pb_section][et_pb_section admin_label=&#8221;section&#8221;][et_pb_row admin_label=&#8221;row&#8221;][et_pb_column type=&#8221;4_4&#8243;][et_pb_text admin_label=&#8221;Texto&#8221; background_layout=&#8221;light&#8221; text_orientation=&#8221;left&#8221; use_border_color=&#8221;off&#8221; border_color=&#8221;#ffffff&#8221; border_style=&#8221;solid&#8221; text_font=&#8221;Abel||||&#8221; text_font_size=&#8221;18&#8243;] Brasil: \u00bfPor d\u00f3nde empezar un negocio? \u00bfCu\u00e1l debe ser el tipo de sociedad? \u00bfC\u00f3mo estar en conformidad con las leyes locales y el r\u00e9gimen tributario? \u00bfC\u00f3mo gestionar [&hellip;]<\/p>\n","protected":false},"author":1,"featured_media":0,"parent":0,"menu_order":0,"comment_status":"open","ping_status":"closed","template":"","meta":{"footnotes":""},"class_list":["post-227","page","type-page","status-publish","hentry"],"_links":{"self":[{"href":"https:\/\/saccis.com\/es\/wp-json\/wp\/v2\/pages\/227","targetHints":{"allow":["GET"]}}],"collection":[{"href":"https:\/\/saccis.com\/es\/wp-json\/wp\/v2\/pages"}],"about":[{"href":"https:\/\/saccis.com\/es\/wp-json\/wp\/v2\/types\/page"}],"author":[{"embeddable":true,"href":"https:\/\/saccis.com\/es\/wp-json\/wp\/v2\/users\/1"}],"replies":[{"embeddable":true,"href":"https:\/\/saccis.com\/es\/wp-json\/wp\/v2\/comments?post=227"}],"version-history":[{"count":4,"href":"https:\/\/saccis.com\/es\/wp-json\/wp\/v2\/pages\/227\/revisions"}],"predecessor-version":[{"id":904,"href":"https:\/\/saccis.com\/es\/wp-json\/wp\/v2\/pages\/227\/revisions\/904"}],"wp:attachment":[{"href":"https:\/\/saccis.com\/es\/wp-json\/wp\/v2\/media?parent=227"}],"curies":[{"name":"wp","href":"https:\/\/api.w.org\/{rel}","templated":true}]}}