{"id":472,"date":"2016-03-17T03:58:09","date_gmt":"2016-03-17T06:58:09","guid":{"rendered":"http:\/\/saccis.com\/?page_id=472"},"modified":"2016-11-10T05:44:53","modified_gmt":"2016-11-10T07:44:53","slug":"sobre-saccis","status":"publish","type":"page","link":"https:\/\/saccis.com\/es\/sobre-saccis\/","title":{"rendered":"Sobre Saccis"},"content":{"rendered":"<p>[et_pb_section admin_label=&#8221;Se\u00e7\u00e3o&#8221; fullwidth=&#8221;on&#8221; specialty=&#8221;off&#8221;][et_pb_fullwidth_image admin_label=&#8221;Imagem de Largura Inteira&#8221; src=&#8221;http:\/\/saccis.com\/wp-content\/uploads\/2016\/03\/atomium.jpg&#8221; show_in_lightbox=&#8221;off&#8221; url_new_window=&#8221;off&#8221; use_overlay=&#8221;off&#8221; animation=&#8221;left&#8221; use_border_color=&#8221;off&#8221; border_color=&#8221;#ffffff&#8221; border_style=&#8221;solid&#8221;] [\/et_pb_fullwidth_image][\/et_pb_section][et_pb_section admin_label=&#8221;Se\u00e7\u00e3o&#8221; fullwidth=&#8221;off&#8221; specialty=&#8221;off&#8221;][et_pb_row admin_label=&#8221;Linha&#8221;][et_pb_column type=&#8221;1_2&#8243;][et_pb_text admin_label=&#8221;Texto&#8221; background_layout=&#8221;light&#8221; text_orientation=&#8221;left&#8221; use_border_color=&#8221;off&#8221; border_color=&#8221;#ffffff&#8221; border_style=&#8221;solid&#8221; text_font=&#8221;Abel||||&#8221; text_font_size=&#8221;18&#8243;]<\/p>\n<p>Aunque establecida formalmente en 2007, SACCIS es el resultado de m\u00e1s de 30 a\u00f1os de experiencia en actividades corporativas y sociales en diferentes \u00e1reas de negocio, comenzando en Brasil, EEUU y todo el continente americano, que se expandi\u00f3 posteriormente a Europa y Asia. Hoy en d\u00eda, trabajamos en 4 \u00e1reas principales:<\/p>\n<ul>\n<li style=\"text-align: justify;\"><strong>Nuevos Negocios en Brasil y Estados Unidos:<\/strong> Consultoria jur\u00eddica, tribut\u00e1ria, comercial e administrativa.<\/li>\n<li style=\"text-align: justify;\"><strong>Comercio Exterior: consultor\u00eda hol\u00edstica:<\/strong> productos, mejores pr\u00e1cticas, soporte para la importaci\u00f3n y la exportaci\u00f3n, log\u00edstica, asistencia comercial, legal y fiscal.<\/li>\n<li style=\"text-align: justify;\"><strong>Servicios y Productos TI:<\/strong> gesti\u00f3n de datos, herramientas para la toma de decisiones, flujo de cr\u00e9dito y modelaci\u00f3n. Foco en alto volumen de datos y procesamiento de alta velocidad.<\/li>\n<li style=\"text-align: justify;\"><strong>Relaci\u00f3n:<\/strong> Gracias a sus grandes redes de negocio y social, SACCIS organiza encuentros entre empresas y empresarios que comparten objetivos comunes, sea para nuevos negocios, nuevas alianzas, revisi\u00f3n de las pr\u00e1cticas hasta la consolidaci\u00f3n de sus objetivos.<\/li>\n<\/ul>\n<p>[\/et_pb_text][\/et_pb_column][et_pb_column type=&#8221;1_2&#8243;][et_pb_image admin_label=&#8221;Imagem&#8221; src=&#8221;http:\/\/saccis.com\/wp-content\/uploads\/2016\/03\/escritorio.jpg&#8221; show_in_lightbox=&#8221;off&#8221; url_new_window=&#8221;off&#8221; use_overlay=&#8221;off&#8221; animation=&#8221;left&#8221; sticky=&#8221;on&#8221; align=&#8221;left&#8221; force_fullwidth=&#8221;off&#8221; always_center_on_mobile=&#8221;on&#8221; use_border_color=&#8221;on&#8221; border_color=&#8221;#222b34&#8243; border_style=&#8221;solid&#8221;] [\/et_pb_image][\/et_pb_column][\/et_pb_row][et_pb_row admin_label=&#8221;Linha&#8221;][et_pb_column type=&#8221;1_3&#8243;][et_pb_blurb admin_label=&#8221;Sinopse&#8221; title=&#8221;MISS\u00cdON&#8221; url_new_window=&#8221;off&#8221; use_icon=&#8221;on&#8221; font_icon=&#8221;%%165%%&#8221; icon_color=&#8221;#222b34&#8243; use_circle=&#8221;off&#8221; circle_color=&#8221;#7EBEC5&#8243; use_circle_border=&#8221;off&#8221; circle_border_color=&#8221;#7EBEC5&#8243; icon_placement=&#8221;top&#8221; animation=&#8221;top&#8221; background_layout=&#8221;light&#8221; text_orientation=&#8221;center&#8221; use_icon_font_size=&#8221;off&#8221; use_border_color=&#8221;off&#8221; border_color=&#8221;#ffffff&#8221; border_style=&#8221;solid&#8221; header_font=&#8221;Abel|on|||&#8221; body_font=&#8221;Abel||||&#8221; body_font_size=&#8221;18&#8243;]<\/p>\n<p>Ofrecer, a trav\u00e9s de nuestras conexiones y habilidades, productos y servicios de alta calidad, construyendo alianzas dirigidas a la rentabilidad y el \u00e9xito, marcadas por relaciones duraderas, saludables y sostenibles.<\/p>\n<p>[\/et_pb_blurb][\/et_pb_column][et_pb_column type=&#8221;1_3&#8243;][et_pb_blurb admin_label=&#8221;Sinopse&#8221; title=&#8221;VIS\u00cdON&#8221; url_new_window=&#8221;off&#8221; use_icon=&#8221;on&#8221; font_icon=&#8221;%%159%%&#8221; icon_color=&#8221;#222b34&#8243; use_circle=&#8221;off&#8221; circle_color=&#8221;#7EBEC5&#8243; use_circle_border=&#8221;off&#8221; circle_border_color=&#8221;#7EBEC5&#8243; icon_placement=&#8221;top&#8221; animation=&#8221;top&#8221; background_layout=&#8221;light&#8221; text_orientation=&#8221;center&#8221; use_icon_font_size=&#8221;off&#8221; use_border_color=&#8221;off&#8221; border_color=&#8221;#ffffff&#8221; border_style=&#8221;solid&#8221; header_font=&#8221;Abel|on|||&#8221; body_font=&#8221;Abel||||&#8221; body_font_size=&#8221;18&#8243;]<\/p>\n<p>Promover alianzas globales dedicadas a la construcci\u00f3n de una red de colaboraci\u00f3n, conectando diferentes \u00e1reas de negocios, industrias y personas.<\/p>\n<p>[\/et_pb_blurb][\/et_pb_column][et_pb_column type=&#8221;1_3&#8243;][et_pb_blurb admin_label=&#8221;Sinopse&#8221; title=&#8221;VALORES&#8221; url_new_window=&#8221;off&#8221; use_icon=&#8221;on&#8221; font_icon=&#8221;%%287%%&#8221; icon_color=&#8221;#222b34&#8243; use_circle=&#8221;off&#8221; circle_color=&#8221;#7EBEC5&#8243; use_circle_border=&#8221;off&#8221; circle_border_color=&#8221;#7EBEC5&#8243; icon_placement=&#8221;top&#8221; animation=&#8221;top&#8221; background_layout=&#8221;light&#8221; text_orientation=&#8221;center&#8221; use_icon_font_size=&#8221;off&#8221; use_border_color=&#8221;off&#8221; border_color=&#8221;#ffffff&#8221; border_style=&#8221;solid&#8221; header_font=&#8221;Abel|on|||&#8221; body_font=&#8221;Abel||||&#8221; body_font_size=&#8221;18&#8243;]<\/p>\n<p>\u00c9tica, pasi\u00f3n por nuestro trabajo, responsabilidad, sostenibilidad, transparencia.<\/p>\n<p>[\/et_pb_blurb][\/et_pb_column][\/et_pb_row][\/et_pb_section]<\/p>\n","protected":false},"excerpt":{"rendered":"<p>[et_pb_section admin_label=&#8221;Se\u00e7\u00e3o&#8221; fullwidth=&#8221;on&#8221; specialty=&#8221;off&#8221;][et_pb_fullwidth_image admin_label=&#8221;Imagem de Largura Inteira&#8221; src=&#8221;http:\/\/saccis.com\/wp-content\/uploads\/2016\/03\/atomium.jpg&#8221; show_in_lightbox=&#8221;off&#8221; url_new_window=&#8221;off&#8221; use_overlay=&#8221;off&#8221; animation=&#8221;left&#8221; use_border_color=&#8221;off&#8221; border_color=&#8221;#ffffff&#8221; border_style=&#8221;solid&#8221;] [\/et_pb_fullwidth_image][\/et_pb_section][et_pb_section admin_label=&#8221;Se\u00e7\u00e3o&#8221; fullwidth=&#8221;off&#8221; specialty=&#8221;off&#8221;][et_pb_row admin_label=&#8221;Linha&#8221;][et_pb_column type=&#8221;1_2&#8243;][et_pb_text admin_label=&#8221;Texto&#8221; background_layout=&#8221;light&#8221; text_orientation=&#8221;left&#8221; use_border_color=&#8221;off&#8221; border_color=&#8221;#ffffff&#8221; border_style=&#8221;solid&#8221; text_font=&#8221;Abel||||&#8221; text_font_size=&#8221;18&#8243;] Aunque establecida formalmente en 2007, SACCIS es el resultado de m\u00e1s de 30 a\u00f1os de experiencia en actividades corporativas y sociales en diferentes \u00e1reas de [&hellip;]<\/p>\n","protected":false},"author":1,"featured_media":0,"parent":0,"menu_order":0,"comment_status":"closed","ping_status":"closed","template":"","meta":{"footnotes":""},"class_list":["post-472","page","type-page","status-publish","hentry"],"_links":{"self":[{"href":"https:\/\/saccis.com\/es\/wp-json\/wp\/v2\/pages\/472","targetHints":{"allow":["GET"]}}],"collection":[{"href":"https:\/\/saccis.com\/es\/wp-json\/wp\/v2\/pages"}],"about":[{"href":"https:\/\/saccis.com\/es\/wp-json\/wp\/v2\/types\/page"}],"author":[{"embeddable":true,"href":"https:\/\/saccis.com\/es\/wp-json\/wp\/v2\/users\/1"}],"replies":[{"embeddable":true,"href":"https:\/\/saccis.com\/es\/wp-json\/wp\/v2\/comments?post=472"}],"version-history":[{"count":2,"href":"https:\/\/saccis.com\/es\/wp-json\/wp\/v2\/pages\/472\/revisions"}],"predecessor-version":[{"id":878,"href":"https:\/\/saccis.com\/es\/wp-json\/wp\/v2\/pages\/472\/revisions\/878"}],"wp:attachment":[{"href":"https:\/\/saccis.com\/es\/wp-json\/wp\/v2\/media?parent=472"}],"curies":[{"name":"wp","href":"https:\/\/api.w.org\/{rel}","templated":true}]}}